{"id":3495,"date":"2020-02-07T02:16:59","date_gmt":"2020-02-07T02:16:59","guid":{"rendered":"https:\/\/demo.casethemes.net\/consultio-immigration\/?page_id=3495"},"modified":"2023-04-10T14:13:34","modified_gmt":"2023-04-10T14:13:34","slug":"about-v-4","status":"publish","type":"page","link":"https:\/\/cosara.edu.do\/?page_id=3495","title":{"rendered":"Misi\u00f3n Visi\u00f3n Valores"},"content":{"rendered":"\t\t<div data-elementor-type=\"wp-page\" data-elementor-id=\"3495\" class=\"elementor elementor-3495\">\n\t\t\t\t\t\t\t        <section class=\"elementor-section elementor-top-section elementor-element elementor-element-de5dcd5 elementor-section-stretched elementor-section-boxed elementor-section-height-default elementor-section-height-default\" data-id=\"de5dcd5\" data-element_type=\"section\" data-settings=\"{&quot;stretch_section&quot;:&quot;section-stretched&quot;,&quot;background_background&quot;:&quot;classic&quot;}\" data-e-bg-lazyload=\"\">\n            \n                        <div class=\"elementor-container elementor-column-gap-extended \">\n                    <div class=\"elementor-column elementor-col-33 elementor-top-column elementor-element elementor-element-38d98e3\" data-id=\"38d98e3\" data-element_type=\"column\">\n            <div class=\"elementor-widget-wrap elementor-element-populated\">\n                        \t\t<div class=\"elementor-element elementor-element-fcdca76 elementor-widget elementor-widget-ct_fancy_box\" data-id=\"fcdca76\" data-element_type=\"widget\" data-widget_type=\"ct_fancy_box.default\">\n\t\t\t\t<div class=\"elementor-widget-container\">\n\t\t\t<div class=\"ct-fancy-box ct-fancy-box-layout6 wow fadeInUp\" data-wow-delay=\"ms\">\r\n                <div class=\"item--icon\">\r\n            <img loading=\"lazy\" decoding=\"async\" width=\"50\" height=\"46\" src=\"https:\/\/cosara.edu.do\/wp-content\/uploads\/2020\/02\/about4-icon3.png\" class=\"attachment-full\" alt=\"\" \/>        <\/div>\r\n        <div class=\"item--holder\">\r\n        <h3 class=\"item--title\">\r\n            Misi\u00f3n        <\/h3>\r\n        <div class=\"item--description\">Luchar d\u00eda a d\u00eda para que nuestros estudiantes sean ni\u00f1os, ni\u00f1as y adolescentes diferentes en formaci\u00f3n, disciplina y entrega\n.<\/div>\r\n    <\/div>\r\n            <a class=\"item--link\" href=\"https:\/\/cosara.edu.do\/service\/business-consulting\/\"><\/a>\r\n    <\/div>\t\t<\/div>\n\t\t\t\t<\/div>\n\t\t            <\/div>\n        <\/div>\n                <div class=\"elementor-column elementor-col-33 elementor-top-column elementor-element elementor-element-2c21843\" data-id=\"2c21843\" data-element_type=\"column\">\n            <div class=\"elementor-widget-wrap elementor-element-populated\">\n                        \t\t<div class=\"elementor-element elementor-element-cc207a7 elementor-widget elementor-widget-ct_fancy_box\" data-id=\"cc207a7\" data-element_type=\"widget\" data-widget_type=\"ct_fancy_box.default\">\n\t\t\t\t<div class=\"elementor-widget-container\">\n\t\t\t<div class=\"ct-fancy-box ct-fancy-box-layout6 wow fadeInUp\" data-wow-delay=\"ms\">\r\n                <div class=\"item--icon\">\r\n            <img loading=\"lazy\" decoding=\"async\" width=\"44\" height=\"48\" src=\"https:\/\/cosara.edu.do\/wp-content\/uploads\/2020\/02\/about4-icon2.png\" class=\"attachment-full\" alt=\"\" \/>        <\/div>\r\n        <div class=\"item--holder\">\r\n        <h3 class=\"item--title\">\r\n            Visi\u00f3n        <\/h3>\r\n        <div class=\"item--description\">Compromiso es sin\u00f3nimo de responsabilidad social, que a su vez se refiere a la carga, obligaci\u00f3n que los miembros de una sociedad.<\/div>\r\n    <\/div>\r\n            <a class=\"item--link\" href=\"https:\/\/cosara.edu.do\/service\/business-consulting\/\"><\/a>\r\n    <\/div>\t\t<\/div>\n\t\t\t\t<\/div>\n\t\t            <\/div>\n        <\/div>\n                <div class=\"elementor-column elementor-col-33 elementor-top-column elementor-element elementor-element-80ee074\" data-id=\"80ee074\" data-element_type=\"column\">\n            <div class=\"elementor-widget-wrap elementor-element-populated\">\n                        \t\t<div class=\"elementor-element elementor-element-a9d6069 elementor-widget elementor-widget-ct_fancy_box\" data-id=\"a9d6069\" data-element_type=\"widget\" data-widget_type=\"ct_fancy_box.default\">\n\t\t\t\t<div class=\"elementor-widget-container\">\n\t\t\t<div class=\"ct-fancy-box ct-fancy-box-layout6 wow fadeInUp\" data-wow-delay=\"ms\">\r\n                <div class=\"item--icon\">\r\n            <img loading=\"lazy\" decoding=\"async\" width=\"50\" height=\"46\" src=\"https:\/\/cosara.edu.do\/wp-content\/uploads\/2020\/02\/about4-icon3.png\" class=\"attachment-full\" alt=\"\" \/>        <\/div>\r\n        <div class=\"item--holder\">\r\n        <h3 class=\"item--title\">\r\n            Valores        <\/h3>\r\n        <div class=\"item--description\">Que cada joven que forma parte de nuestra comunidad pueda vislumbrar con claridad su futuro partiendo de una buena formaci\u00f3n.<\/div>\r\n    <\/div>\r\n            <a class=\"item--link\" href=\"https:\/\/cosara.edu.do\/service\/business-consulting\/\"><\/a>\r\n    <\/div>\t\t<\/div>\n\t\t\t\t<\/div>\n\t\t            <\/div>\n        <\/div>\n                            <\/div>\n        <\/section>\n                <section class=\"elementor-section elementor-top-section elementor-element elementor-element-bca8448 elementor-section-stretched elementor-section-boxed elementor-section-height-default elementor-section-height-default\" data-id=\"bca8448\" data-element_type=\"section\" data-settings=\"{&quot;stretch_section&quot;:&quot;section-stretched&quot;}\">\n            \n                        <div class=\"elementor-container elementor-column-gap-extended \">\n                    <div class=\"elementor-column elementor-col-100 elementor-top-column elementor-element elementor-element-8630a61\" data-id=\"8630a61\" data-element_type=\"column\">\n            <div class=\"elementor-widget-wrap elementor-element-populated\">\n                        \t\t<div class=\"elementor-element elementor-element-12e6001 elementor-widget elementor-widget-ct_particle_animate\" data-id=\"12e6001\" data-element_type=\"widget\" data-widget_type=\"ct_particle_animate.default\">\n\t\t\t\t<div class=\"elementor-widget-container\">\n\t\t\t\t<div class=\"ct-particle-animate\">\r\n\t\t\t\t    <div id=\"ct_particle_animate-12e60010\" class=\"animate-none\" >\r\n\t\t    \t<div class=\"ct-inline-css\"  data-css=\"\r\n\t\t            .ct-particle-animate #ct_particle_animate-12e60010 {\r\n\t\t                left: 13px;\r\n\t\t                top: 34px;\r\n\t\t            }\">\r\n\t\t        <\/div>\r\n\t\t    \t<img loading=\"lazy\" decoding=\"async\" width=\"165\" height=\"278\" src=\"https:\/\/cosara.edu.do\/wp-content\/uploads\/2020\/02\/about4-shape1.png\" class=\"attachment-full\" alt=\"\" \/>\t\t\r\n\t\t    <\/div>\r\n\t\t\t<\/div>\r\n\t\t<\/div>\n\t\t\t\t<\/div>\n\t\t        <section class=\"elementor-section elementor-inner-section elementor-element elementor-element-942af5f elementor-section-boxed elementor-section-height-default elementor-section-height-default\" data-id=\"942af5f\" data-element_type=\"section\">\n            \n                        <div class=\"elementor-container elementor-column-gap-extended \">\n                    <div class=\"elementor-column elementor-col-50 elementor-inner-column elementor-element elementor-element-80813fd\" data-id=\"80813fd\" data-element_type=\"column\">\n            <div class=\"elementor-widget-wrap elementor-element-populated\">\n                        \t\t<div class=\"elementor-element elementor-element-a3c8047 elementor-widget elementor-widget-image\" data-id=\"a3c8047\" data-element_type=\"widget\" data-widget_type=\"image.default\">\n\t\t\t\t<div class=\"elementor-widget-container\">\n\t\t\t<style>\/*! elementor - v3.12.1 - 02-04-2023 *\/\n.elementor-widget-image{text-align:center}.elementor-widget-image a{display:inline-block}.elementor-widget-image a img[src$=\".svg\"]{width:48px}.elementor-widget-image img{vertical-align:middle;display:inline-block}<\/style>\t\t\t\t\t\t\t\t\t\t\t\t<img loading=\"lazy\" decoding=\"async\" width=\"400\" height=\"331\" src=\"https:\/\/cosara.edu.do\/wp-content\/uploads\/2023\/04\/1.png\" class=\"attachment-full size-full wp-image-5748\" alt=\"\" srcset=\"https:\/\/cosara.edu.do\/wp-content\/uploads\/2023\/04\/1.png 400w, https:\/\/cosara.edu.do\/wp-content\/uploads\/2023\/04\/1-300x248.png 300w\" sizes=\"auto, (max-width: 400px) 100vw, 400px\" \/>\t\t\t\t\t\t\t\t\t\t\t\t\t\t\t<\/div>\n\t\t\t\t<\/div>\n\t\t            <\/div>\n        <\/div>\n                <div class=\"elementor-column elementor-col-50 elementor-inner-column elementor-element elementor-element-f269e39\" data-id=\"f269e39\" data-element_type=\"column\">\n            <div class=\"elementor-widget-wrap elementor-element-populated\">\n                        \t\t<div class=\"elementor-element elementor-element-5ab3233 elementor-widget elementor-widget-ct_heading\" data-id=\"5ab3233\" data-element_type=\"widget\" data-widget_type=\"ct_heading.default\">\n\t\t\t\t<div class=\"elementor-widget-container\">\n\t\t\t<div class=\"ct-heading h-align-center  sub-style1 ct-heading-left item-st-default\" data-wow-delay=\"ms\">\r\n\t    <h3 class=\"item--title st-default\">\r\n                <span>\r\n                        Trabajamos para la Excelencia Acadamica <i>cosara<\/i>                    <\/span>\r\n            <\/h3>\r\n<\/div>\t\t<\/div>\n\t\t\t\t<\/div>\n\t\t\t\t<div class=\"elementor-element elementor-element-de663bd elementor-widget elementor-widget-ct_progressbar\" data-id=\"de663bd\" data-element_type=\"widget\" data-widget_type=\"ct_progressbar.default\">\n\t\t\t\t<div class=\"elementor-widget-container\">\n\t\t\t    <div class=\"ct-progressbar ct-progressbar2\">\n                    \n            <div class=\"ct-progress-item\">\n                <div class=\"ct-progress-meta\">\n                                            <span class=\"ct-progress-title\">Misi\u00f3n<\/span>\n                                    <\/div>\n                <div class=\"ct-progress-holder\">\n                    <div class=\"ct-progress-bar\" role=\"progressbar\" data-valuetransitiongoal=\"99\">\n                        <div class=\"ct-progress-percentage\">99%<\/div>\n                    <\/div>\n                <\/div>\n            <\/div>\n                    \n            <div class=\"ct-progress-item\">\n                <div class=\"ct-progress-meta\">\n                                            <span class=\"ct-progress-title\">Visi\u00f3n<\/span>\n                                    <\/div>\n                <div class=\"ct-progress-holder\">\n                    <div class=\"ct-progress-bar\" role=\"progressbar\" data-valuetransitiongoal=\"99\">\n                        <div class=\"ct-progress-percentage\">99%<\/div>\n                    <\/div>\n                <\/div>\n            <\/div>\n                    \n            <div class=\"ct-progress-item\">\n                <div class=\"ct-progress-meta\">\n                                            <span class=\"ct-progress-title\">Valores<\/span>\n                                    <\/div>\n                <div class=\"ct-progress-holder\">\n                    <div class=\"ct-progress-bar\" role=\"progressbar\" data-valuetransitiongoal=\"100\">\n                        <div class=\"ct-progress-percentage\">100%<\/div>\n                    <\/div>\n                <\/div>\n            <\/div>\n            <\/div>\n\t\t<\/div>\n\t\t\t\t<\/div>\n\t\t            <\/div>\n        <\/div>\n                            <\/div>\n        <\/section>\n                    <\/div>\n        <\/div>\n                            <\/div>\n        <\/section>\n        \t\t\t\t\t<\/div>\n\t\t","protected":false},"excerpt":{"rendered":"<p>Misi\u00f3n Luchar d\u00eda a d\u00eda para que nuestros estudiantes sean ni\u00f1os, ni\u00f1as y adolescentes diferentes en formaci\u00f3n, disciplina y entrega . Visi\u00f3n Compromiso es sin\u00f3nimo de responsabilidad social, que a su vez se refiere a la carga, obligaci\u00f3n que los miembros de una sociedad. Valores Que cada joven que forma parte de nuestra comunidad pueda [&hellip;]<\/p>\n","protected":false},"author":1,"featured_media":0,"parent":0,"menu_order":0,"comment_status":"closed","ping_status":"closed","template":"","meta":{"footnotes":""},"class_list":["post-3495","page","type-page","status-publish","hentry"],"_links":{"self":[{"href":"https:\/\/cosara.edu.do\/index.php?rest_route=\/wp\/v2\/pages\/3495","targetHints":{"allow":["GET"]}}],"collection":[{"href":"https:\/\/cosara.edu.do\/index.php?rest_route=\/wp\/v2\/pages"}],"about":[{"href":"https:\/\/cosara.edu.do\/index.php?rest_route=\/wp\/v2\/types\/page"}],"author":[{"embeddable":true,"href":"https:\/\/cosara.edu.do\/index.php?rest_route=\/wp\/v2\/users\/1"}],"replies":[{"embeddable":true,"href":"https:\/\/cosara.edu.do\/index.php?rest_route=%2Fwp%2Fv2%2Fcomments&post=3495"}],"version-history":[{"count":20,"href":"https:\/\/cosara.edu.do\/index.php?rest_route=\/wp\/v2\/pages\/3495\/revisions"}],"predecessor-version":[{"id":6066,"href":"https:\/\/cosara.edu.do\/index.php?rest_route=\/wp\/v2\/pages\/3495\/revisions\/6066"}],"wp:attachment":[{"href":"https:\/\/cosara.edu.do\/index.php?rest_route=%2Fwp%2Fv2%2Fmedia&parent=3495"}],"curies":[{"name":"wp","href":"https:\/\/api.w.org\/{rel}","templated":true}]}}