{"id":3491,"date":"2020-02-07T02:16:32","date_gmt":"2020-02-07T02:16:32","guid":{"rendered":"https:\/\/demo.casethemes.net\/consultio-immigration\/?page_id=3491"},"modified":"2023-04-25T20:05:06","modified_gmt":"2023-04-25T20:05:06","slug":"about-v-2","status":"publish","type":"page","link":"https:\/\/cosara.edu.do\/?page_id=3491","title":{"rendered":"Historia del Centro"},"content":{"rendered":"\t\t<div data-elementor-type=\"wp-page\" data-elementor-id=\"3491\" class=\"elementor elementor-3491\">\n\t\t\t\t\t\t\t        <section class=\"elementor-section elementor-top-section elementor-element elementor-element-40fd8216 elementor-section-boxed elementor-section-height-default elementor-section-height-default\" data-id=\"40fd8216\" data-element_type=\"section\">\n            \n                        <div class=\"elementor-container elementor-column-gap-extended \">\n                    <div class=\"elementor-column elementor-col-50 elementor-top-column elementor-element elementor-element-2a114ffb\" data-id=\"2a114ffb\" data-element_type=\"column\">\n            <div class=\"elementor-widget-wrap elementor-element-populated\">\n                        \t\t<div class=\"elementor-element elementor-element-e7c34af elementor-widget elementor-widget-ct_heading\" data-id=\"e7c34af\" data-element_type=\"widget\" data-widget_type=\"ct_heading.default\">\n\t\t\t\t<div class=\"elementor-widget-container\">\n\t\t\t<div class=\"ct-heading h-align- wow fadeInUp sub-style2 ct-heading-left item-st-default\" data-wow-delay=\"ms\">\r\n\t\t\t<div class=\"item--sub-title style2 show-line\">\r\n            Cosara                                <\/div>\r\n\t    <h3 class=\"item--title st-default\">\r\n                <span>\r\n                        Historia del Centro                    <\/span>\r\n            <\/h3>\r\n<\/div>\t\t<\/div>\n\t\t\t\t<\/div>\n\t\t\t\t<div class=\"elementor-element elementor-element-10df5e6a wow fadeInUp elementor-widget elementor-widget-text-editor\" data-id=\"10df5e6a\" data-element_type=\"widget\" data-widget_type=\"text-editor.default\">\n\t\t\t\t<div class=\"elementor-widget-container\">\n\t\t\t<style>\/*! elementor - v3.12.1 - 02-04-2023 *\/\n.elementor-widget-text-editor.elementor-drop-cap-view-stacked .elementor-drop-cap{background-color:#69727d;color:#fff}.elementor-widget-text-editor.elementor-drop-cap-view-framed .elementor-drop-cap{color:#69727d;border:3px solid;background-color:transparent}.elementor-widget-text-editor:not(.elementor-drop-cap-view-default) .elementor-drop-cap{margin-top:8px}.elementor-widget-text-editor:not(.elementor-drop-cap-view-default) .elementor-drop-cap-letter{width:1em;height:1em}.elementor-widget-text-editor .elementor-drop-cap{float:left;text-align:center;line-height:1;font-size:50px}.elementor-widget-text-editor .elementor-drop-cap-letter{display:inline-block}<\/style>\t\t\t\t<p>\u00a0<\/p><p>El Colegio San Ram\u00f3n I conform\u00f3 su identidad a partir de la gesti\u00f3n de la Se\u00f1ora Gilda Ramona Mart\u00ednez Contreras (Mamita), mujer de car\u00e1cter afable y bondadoso que aporto al proyecto sus ideales m\u00e1s puros, su acci\u00f3n decidida y perseverante. Dado el hecho de que surge el 9 de Septiembre de 1976 como escuelita hogar.<\/p><p>Desde su inicio, demostr\u00f3 que confiaba en la capacidad para aprender de todos sin discriminaci\u00f3n, por lo que no hizo selecci\u00f3n de los mejores, sino que, en su seno acogi\u00f3 estudiantes provenientes de familias.<\/p><p>La inscripci\u00f3n debe ser realizada por los padres o tutores, bajo ning\u00fan concepto podr\u00e1 ser realizada por los estudiantes.<\/p><p>Con actitud de apertura y respeto frente a los valores de otras culturas, sin renunciar a sus propias ra\u00edces culturales<\/p><p>En el Centro, mediante nuestra propuesta, desarrollamos un programa para ni\u00f1os, ni\u00f1as y adolescentes<\/p>\t\t\t\t\t\t<\/div>\n\t\t\t\t<\/div>\n\t\t            <\/div>\n        <\/div>\n                <div class=\"elementor-column elementor-col-50 elementor-top-column elementor-element elementor-element-431858c4\" data-id=\"431858c4\" data-element_type=\"column\">\n            <div class=\"elementor-widget-wrap elementor-element-populated\">\n                        \t\t<div class=\"elementor-element elementor-element-160cdc54 wow fadeInRight elementor-widget elementor-widget-image\" data-id=\"160cdc54\" data-element_type=\"widget\" data-widget_type=\"image.default\">\n\t\t\t\t<div class=\"elementor-widget-container\">\n\t\t\t<style>\/*! elementor - v3.12.1 - 02-04-2023 *\/\n.elementor-widget-image{text-align:center}.elementor-widget-image a{display:inline-block}.elementor-widget-image a img[src$=\".svg\"]{width:48px}.elementor-widget-image img{vertical-align:middle;display:inline-block}<\/style>\t\t\t\t\t\t\t\t\t\t\t\t<img loading=\"lazy\" decoding=\"async\" width=\"400\" height=\"331\" src=\"https:\/\/cosara.edu.do\/wp-content\/uploads\/2023\/04\/1.png\" class=\"attachment-full size-full wp-image-5748\" alt=\"\" srcset=\"https:\/\/cosara.edu.do\/wp-content\/uploads\/2023\/04\/1.png 400w, https:\/\/cosara.edu.do\/wp-content\/uploads\/2023\/04\/1-300x248.png 300w\" sizes=\"auto, (max-width: 400px) 100vw, 400px\" \/>\t\t\t\t\t\t\t\t\t\t\t\t\t\t\t<\/div>\n\t\t\t\t<\/div>\n\t\t            <\/div>\n        <\/div>\n                            <\/div>\n        <\/section>\n                <section class=\"elementor-section elementor-top-section elementor-element elementor-element-a85a00b elementor-section-boxed elementor-section-height-default elementor-section-height-default\" data-id=\"a85a00b\" data-element_type=\"section\">\n            \n                        <div class=\"elementor-container elementor-column-gap-extended \">\n                    <div class=\"elementor-column elementor-col-100 elementor-top-column elementor-element elementor-element-5846a252\" data-id=\"5846a252\" data-element_type=\"column\">\n            <div class=\"elementor-widget-wrap elementor-element-populated\">\n                        \t\t<div class=\"elementor-element elementor-element-78aad6aa elementor-widget elementor-widget-ct_cta\" data-id=\"78aad6aa\" data-element_type=\"widget\" data-widget_type=\"ct_cta.default\">\n\t\t\t\t<div class=\"elementor-widget-container\">\n\t\t\t<div class=\"ct-cta1 wow tada\">\r\n            <div class=\"item--holder\">\r\n            <span class=\"item--title\">Estamos acorde con los nuevos tiempos de la Educaci\u00f3n<\/span>\r\n            <span class=\"item--desc\"><\/span>\r\n        <\/div>\r\n                <div class=\"item--button\">\r\n            <a class=\"btn btn-third2\" href=\"#\">\r\n                                    <svg aria-hidden=\"true\" class=\"e-font-icon-svg e-fas-book-reader\" viewBox=\"0 0 512 512\" xmlns=\"http:\/\/www.w3.org\/2000\/svg\"><path d=\"M352 96c0-53.02-42.98-96-96-96s-96 42.98-96 96 42.98 96 96 96 96-42.98 96-96zM233.59 241.1c-59.33-36.32-155.43-46.3-203.79-49.05C13.55 191.13 0 203.51 0 219.14v222.8c0 14.33 11.59 26.28 26.49 27.05 43.66 2.29 131.99 10.68 193.04 41.43 9.37 4.72 20.48-1.71 20.48-11.87V252.56c-.01-4.67-2.32-8.95-6.42-11.46zm248.61-49.05c-48.35 2.74-144.46 12.73-203.78 49.05-4.1 2.51-6.41 6.96-6.41 11.63v245.79c0 10.19 11.14 16.63 20.54 11.9 61.04-30.72 149.32-39.11 192.97-41.4 14.9-.78 26.49-12.73 26.49-27.06V219.14c-.01-15.63-13.56-28.01-29.81-27.09z\"><\/path><\/svg>                                Cosara            <\/a>\r\n        <\/div>\r\n    <\/div>\r\n\t\t<\/div>\n\t\t\t\t<\/div>\n\t\t            <\/div>\n        <\/div>\n                            <\/div>\n        <\/section>\n        \t\t\t\t\t<\/div>\n\t\t","protected":false},"excerpt":{"rendered":"<p>Cosara Historia del Centro \u00a0 El Colegio San Ram\u00f3n I conform\u00f3 su identidad a partir de la gesti\u00f3n de la Se\u00f1ora Gilda Ramona Mart\u00ednez Contreras (Mamita), mujer de car\u00e1cter afable y bondadoso que aporto al proyecto sus ideales m\u00e1s puros, su acci\u00f3n decidida y perseverante. Dado el hecho de que surge el 9 de Septiembre [&hellip;]<\/p>\n","protected":false},"author":1,"featured_media":0,"parent":0,"menu_order":0,"comment_status":"closed","ping_status":"closed","template":"","meta":{"footnotes":""},"class_list":["post-3491","page","type-page","status-publish","hentry"],"_links":{"self":[{"href":"https:\/\/cosara.edu.do\/index.php?rest_route=\/wp\/v2\/pages\/3491","targetHints":{"allow":["GET"]}}],"collection":[{"href":"https:\/\/cosara.edu.do\/index.php?rest_route=\/wp\/v2\/pages"}],"about":[{"href":"https:\/\/cosara.edu.do\/index.php?rest_route=\/wp\/v2\/types\/page"}],"author":[{"embeddable":true,"href":"https:\/\/cosara.edu.do\/index.php?rest_route=\/wp\/v2\/users\/1"}],"replies":[{"embeddable":true,"href":"https:\/\/cosara.edu.do\/index.php?rest_route=%2Fwp%2Fv2%2Fcomments&post=3491"}],"version-history":[{"count":15,"href":"https:\/\/cosara.edu.do\/index.php?rest_route=\/wp\/v2\/pages\/3491\/revisions"}],"predecessor-version":[{"id":6090,"href":"https:\/\/cosara.edu.do\/index.php?rest_route=\/wp\/v2\/pages\/3491\/revisions\/6090"}],"wp:attachment":[{"href":"https:\/\/cosara.edu.do\/index.php?rest_route=%2Fwp%2Fv2%2Fmedia&parent=3491"}],"curies":[{"name":"wp","href":"https:\/\/api.w.org\/{rel}","templated":true}]}}